{"id":1630,"date":"2022-08-28T11:16:40","date_gmt":"2022-08-28T15:16:40","guid":{"rendered":"https:\/\/www.test12xb.cz\/?post_type=product&#038;p=1630"},"modified":"2022-11-20T10:07:47","modified_gmt":"2022-11-20T15:07:47","slug":"oblek-sedo-stribrny","status":"publish","type":"product","link":"https:\/\/www.salonbestar.cz\/en\/?product=oblek-sedo-stribrny","title":{"rendered":"St\u0159\u00edbrn\u00fd"},"template":"","class_list":["post-1630","product","type-product","status-publish","hentry"],"_links":{"self":[{"href":"https:\/\/www.salonbestar.cz\/en\/wp-json\/wp\/v2\/product\/1630","targetHints":{"allow":["GET"]}}],"collection":[{"href":"https:\/\/www.salonbestar.cz\/en\/wp-json\/wp\/v2\/product"}],"about":[{"href":"https:\/\/www.salonbestar.cz\/en\/wp-json\/wp\/v2\/types\/product"}],"wp:attachment":[{"href":"https:\/\/www.salonbestar.cz\/en\/wp-json\/wp\/v2\/media?parent=1630"}],"curies":[{"name":"wp","href":"https:\/\/api.w.org\/{rel}","templated":true}]}}