{"id":140,"date":"2022-05-24T09:12:44","date_gmt":"2022-05-24T13:12:44","guid":{"rendered":"https:\/\/www.test12xb.cz\/?page_id=140"},"modified":"2026-04-02T08:54:39","modified_gmt":"2026-04-02T12:54:39","slug":"contact","status":"publish","type":"page","link":"https:\/\/www.salonbestar.cz\/contact\/","title":{"rendered":"Contact"},"content":{"rendered":"<blockquote class=\"wp-block-quote is-layout-flow wp-block-quote-is-layout-flow\">\n<p>WEDDING SALON BESTAR<br>Za Pas\u00e1\u017e\u00ed 1341<br>530 02 Pardubice, Czech Republic<\/p>\n<\/blockquote>\n\n\n\n<h3 class=\"wp-block-heading mt-4\">Opening hours:<\/h3>\n\n\n\n<p>Mon-Thu 10:00-12:00<br>                13:00-18:00<br> Fri           10:00-12:00<br>                13:00-16:00<\/p>\n\n\n\n<p>Sat by appointment<\/p>\n\n\n\n<p class=\"mt-4\">We take the utmost care in choosing your dress\/outfit, so please make your appointment in advance by calling +420 737 667 194.<br>Please book your fitting appointment by phone, not by email. This way it will be quicker to arrange a date that suits you.<br>If we cannot answer your call, we are currently serving another customer. We will call you back as soon as possible.<\/p>\n\n\n\n<p class=\"mt-4\"><strong>Email: info@salonbestar.cz<br>URL: www.salonbestar.cz<\/strong><\/p>\n\n\n\n<p class=\"mt-4\">BeStar Wedding Salon, Ltd.<br>The company is registered in the Commercial Register at the Regional Court in Hradec Kralove, Section C, v.34488.<br>ID: 03651967<br>Registered office: Za Pas\u00e1\u017e\u00ed 1341, 530 02 Pardubice<br>Mgr. Milena Mr\u00e1zov\u00e1, tel. +420 774 052 379<\/p>","protected":false},"excerpt":{"rendered":"<p>WEDDING SALON BESTARZa Pas\u00e1\u017e\u00ed 1341530 02 Pardubice, Czech Republic Opening hours: Mon-Thu 10:00-12:00 13:00-18:00 Fri 10:00-12:00 13:00-16:00 Sat by appointment We take the utmost care in choosing your dress\/outfit, so please make your appointment in advance by calling +420 737 667 194.Please book your fitting appointment by phone, not by email. This way it will [&hellip;]<\/p>","protected":false},"author":1,"featured_media":0,"parent":0,"menu_order":0,"comment_status":"closed","ping_status":"closed","template":"page-templates\/contact.php","meta":{"footnotes":""},"class_list":["post-140","page","type-page","status-publish","hentry"],"_links":{"self":[{"href":"https:\/\/www.salonbestar.cz\/en\/wp-json\/wp\/v2\/pages\/140","targetHints":{"allow":["GET"]}}],"collection":[{"href":"https:\/\/www.salonbestar.cz\/en\/wp-json\/wp\/v2\/pages"}],"about":[{"href":"https:\/\/www.salonbestar.cz\/en\/wp-json\/wp\/v2\/types\/page"}],"author":[{"embeddable":true,"href":"https:\/\/www.salonbestar.cz\/en\/wp-json\/wp\/v2\/users\/1"}],"replies":[{"embeddable":true,"href":"https:\/\/www.salonbestar.cz\/en\/wp-json\/wp\/v2\/comments?post=140"}],"version-history":[{"count":10,"href":"https:\/\/www.salonbestar.cz\/en\/wp-json\/wp\/v2\/pages\/140\/revisions"}],"predecessor-version":[{"id":3247,"href":"https:\/\/www.salonbestar.cz\/en\/wp-json\/wp\/v2\/pages\/140\/revisions\/3247"}],"wp:attachment":[{"href":"https:\/\/www.salonbestar.cz\/en\/wp-json\/wp\/v2\/media?parent=140"}],"curies":[{"name":"wp","href":"https:\/\/api.w.org\/{rel}","templated":true}]}}